{"id":7,"date":"2021-10-19T13:09:22","date_gmt":"2021-10-19T11:09:22","guid":{"rendered":"http:\/\/agiaduo.com\/?page_id=7"},"modified":"2024-07-21T23:05:14","modified_gmt":"2024-07-21T21:05:14","slug":"elementor-7","status":"publish","type":"page","link":"http:\/\/agiaduo.com\/index.php\/elementor-7\/","title":{"rendered":"Bio"},"content":{"rendered":"\t\t<div data-elementor-type=\"wp-page\" data-elementor-id=\"7\" class=\"elementor elementor-7\" data-elementor-settings=\"[]\">\n\t\t\t\t\t\t\t<div class=\"elementor-section-wrap\">\n\t\t\t\t\t\t\t<section class=\"elementor-section elementor-top-section elementor-element elementor-element-641bc4c elementor-section-boxed elementor-section-height-default elementor-section-height-default\" data-id=\"641bc4c\" data-element_type=\"section\">\n\t\t\t\t\t\t<div class=\"elementor-container elementor-column-gap-default\">\n\t\t\t\t\t<div class=\"elementor-column elementor-col-100 elementor-top-column elementor-element elementor-element-d107750\" data-id=\"d107750\" data-element_type=\"column\">\n\t\t\t<div class=\"elementor-widget-wrap elementor-element-populated\">\n\t\t\t\t\t\t\t\t<div class=\"elementor-element elementor-element-8891f67 elementor-invisible elementor-widget elementor-widget-text-editor\" data-id=\"8891f67\" data-element_type=\"widget\" data-settings=\"{&quot;_animation&quot;:&quot;slideInLeft&quot;}\" data-widget_type=\"text-editor.default\">\n\t\t\t\t<div class=\"elementor-widget-container\">\n\t\t\t\t\t\t\t<p class=\"font_8\" dir=\"ltr\"><span class=\"color_11\">Georgia et Arthur d\u00e9butent leur collaboration artistique d\u00e9but 2020 lors de concerts dans les Cara\u00efbes, en compagnie du pianiste Denis Lamarre et du batteur Fred Nonnot. <\/span><\/p><p class=\"font_8\" dir=\"ltr\"><span class=\"color_11\">L&#8217;entente humaine et leurs sensibilit\u00e9s musicales les incitent \u00e0 monter un duo d\u00e8s leur retour en France. <\/span><\/p><p class=\"font_8\" dir=\"ltr\"><span class=\"color_11\">C&#8217;est ainsi que na\u00eet AGiA. <\/span><\/p><p class=\"font_8\" dir=\"ltr\"><span class=\"color_11\">Au sein de cette forme musicale \u00e9pur\u00e9e, sur des standards revisit\u00e9s de jazz mais aussi de pop et de soul, la finesse du jeu d&#8217;Arthur et le timbre de velours de Georgia prennent toute leur dimension. <\/span><\/p><div>\u00a0<\/div><p class=\"font_8\" dir=\"ltr\"><span class=\"color_11\">La force cr\u00e9atrice de ce bin\u00f4me les a amener \u00e0 cr\u00e9er\u00a0 leur r\u00e9pertoire de compositions. Ce nouveau projet a pris la forme d&#8217;un quartet appel\u00e9 NA\u00cfAD &#8211; &#8221; Concert Pictural&#8221; dont est issu un livre-album du m\u00eame nom, paru en Juin 2023 chez Inou\u00efe Distribution.<br \/><\/span><\/p>\t\t\t\t\t\t<\/div>\n\t\t\t\t<\/div>\n\t\t\t\t\t<\/div>\n\t\t<\/div>\n\t\t\t\t\t\t\t<\/div>\n\t\t<\/section>\n\t\t\t\t<section class=\"elementor-section elementor-top-section elementor-element elementor-element-3e49d40 elementor-section-boxed elementor-section-height-default elementor-section-height-default\" data-id=\"3e49d40\" data-element_type=\"section\">\n\t\t\t\t\t\t<div class=\"elementor-container elementor-column-gap-default\">\n\t\t\t\t\t<div class=\"elementor-column elementor-col-100 elementor-top-column elementor-element elementor-element-51fe49e\" data-id=\"51fe49e\" data-element_type=\"column\">\n\t\t\t<div class=\"elementor-widget-wrap elementor-element-populated\">\n\t\t\t\t\t\t\t\t<div class=\"elementor-element elementor-element-d16eb8f elementor-widget elementor-widget-spacer\" data-id=\"d16eb8f\" data-element_type=\"widget\" data-widget_type=\"spacer.default\">\n\t\t\t\t<div class=\"elementor-widget-container\">\n\t\t\t\t\t<div class=\"elementor-spacer\">\n\t\t\t<div class=\"elementor-spacer-inner\"><\/div>\n\t\t<\/div>\n\t\t\t\t<\/div>\n\t\t\t\t<\/div>\n\t\t\t\t<div class=\"elementor-element elementor-element-7a18715 elementor-invisible elementor-widget elementor-widget-heading\" data-id=\"7a18715\" data-element_type=\"widget\" data-settings=\"{&quot;_animation&quot;:&quot;slideInRight&quot;}\" data-widget_type=\"heading.default\">\n\t\t\t\t<div class=\"elementor-widget-container\">\n\t\t\t<h2 class=\"elementor-heading-title elementor-size-default\">Arthur Pierre<\/h2>\t\t<\/div>\n\t\t\t\t<\/div>\n\t\t\t\t<div class=\"elementor-element elementor-element-aac3838 elementor-invisible elementor-widget elementor-widget-text-editor\" data-id=\"aac3838\" data-element_type=\"widget\" data-settings=\"{&quot;_animation&quot;:&quot;slideInRight&quot;}\" data-widget_type=\"text-editor.default\">\n\t\t\t\t<div class=\"elementor-widget-container\">\n\t\t\t\t\t\t\t<p class=\"font_8\">Apr\u00e8s s\u2019\u00eatre form\u00e9 en guitare classique au conservatoire de Blois Arthur Pierre se tourne vers le jazz et les musiques actuelles. Par la suite il rentre \u00e0 l\u2019\u00e9cole Didier Lockwood ou il rencontre de nombreux musiciens professionnels et se forge une exp\u00e9rience dans le milieu. Il part ensuite pour l\u2019Ocean Indien sur l\u2019\u00eele de Mayotte afin d\u2019y travailler les musiques africaines, puis reviens en m\u00e9tropole pour y faire le m\u00e9tier. Au cours de son parcours Arthur a pu longuement travailler le r\u00e9pertoire de la chanson populaire fran\u00e7aise dans diff\u00e9rents spectacle de cabarets (\u00ab ces ann\u00e9es l\u00e0 \u00e0 saint germain des pr\u00e8s \u00bb et diff\u00e9rentes cr\u00e9ation autour du r\u00e9pertoire de Mistinguette, Henri Salvador ou encore Claude Nougaro, etc\u2026.). Il d\u00e9veloppa \u00e0 ces occasions une v\u00e9ritable passion pour ce r\u00e9pertoire ci particulier.<\/p><p class=\"font_8\">Apr\u00e8s un s\u00e9jour de quelques mois au Quebec il rentre en France en 2014 pour int\u00e9grer un poste<\/p><p class=\"font_8\">au conservatoire d\u2019Olivet.<\/p><p class=\"font_8\">En 2016 il d\u00e9cide de former sa propre formation du nom de K-UBIK, un groupe dans lequel le jazz<\/p><p class=\"font_8\">c\u00f4toie le rock progressif et les musiques du monde. Une musique hybride ou l\u2019\u00e9lectronique et<\/p><p class=\"font_8\">l\u2019\u00e9lectricit\u00e9 se marient avec l\u2019\u00e9nergie tribal du rythme.<\/p><p class=\"font_8\">Il int\u00e8gre \u00e9galement la formation de rock Apolline avec laquelle ils sortiront un EP salu\u00e9 par la critique :<\/p><p class=\"font_8\">\u00ab Far and After \u00bb. C\u2019est pour lui l\u2019occasion de laisser s\u2019exprimer toute la partie rock de son univers musical.<\/p><p class=\"font_8\">Dans la continuit\u00e9 de cette recherche autour des musiques \u00e9lectrique il fait parti des sa formation<\/p><p class=\"font_8\">du groupe Bowie to Bowie. Ce groupe est un hommage au grand David Bowie et propose un large<\/p><p class=\"font_8\">panel des arrangements originaux du ma\u00eetre sur sc\u00e8ne.<\/p>\t\t\t\t\t\t<\/div>\n\t\t\t\t<\/div>\n\t\t\t\t\t<\/div>\n\t\t<\/div>\n\t\t\t\t\t\t\t<\/div>\n\t\t<\/section>\n\t\t\t\t<section class=\"elementor-section elementor-top-section elementor-element elementor-element-0ccec6f elementor-section-boxed elementor-section-height-default elementor-section-height-default\" data-id=\"0ccec6f\" data-element_type=\"section\">\n\t\t\t\t\t\t<div class=\"elementor-container elementor-column-gap-default\">\n\t\t\t\t\t<div class=\"elementor-column elementor-col-100 elementor-top-column elementor-element elementor-element-411826e\" data-id=\"411826e\" data-element_type=\"column\">\n\t\t\t<div class=\"elementor-widget-wrap elementor-element-populated\">\n\t\t\t\t\t\t\t\t<div class=\"elementor-element elementor-element-bed708b elementor-widget elementor-widget-spacer\" data-id=\"bed708b\" data-element_type=\"widget\" data-widget_type=\"spacer.default\">\n\t\t\t\t<div class=\"elementor-widget-container\">\n\t\t\t\t\t<div class=\"elementor-spacer\">\n\t\t\t<div class=\"elementor-spacer-inner\"><\/div>\n\t\t<\/div>\n\t\t\t\t<\/div>\n\t\t\t\t<\/div>\n\t\t\t\t<div class=\"elementor-element elementor-element-981d148 elementor-invisible elementor-widget elementor-widget-heading\" data-id=\"981d148\" data-element_type=\"widget\" data-settings=\"{&quot;_animation&quot;:&quot;slideInLeft&quot;}\" data-widget_type=\"heading.default\">\n\t\t\t\t<div class=\"elementor-widget-container\">\n\t\t\t<h2 class=\"elementor-heading-title elementor-size-default\">Georgia Hadjab<\/h2>\t\t<\/div>\n\t\t\t\t<\/div>\n\t\t\t\t<div class=\"elementor-element elementor-element-963e5bb elementor-invisible elementor-widget elementor-widget-text-editor\" data-id=\"963e5bb\" data-element_type=\"widget\" data-settings=\"{&quot;_animation&quot;:&quot;slideInLeft&quot;}\" data-widget_type=\"text-editor.default\">\n\t\t\t\t<div class=\"elementor-widget-container\">\n\t\t\t\t\t\t\t<p class=\"font_8\">Chanteuse autrice compositrice, elle a vu na\u00eetre sa passion dans les musiques actuelles, africaines et latines. Depuis quelques ann\u00e9es, elle s&#8217;oriente vers le jazz, les musiques improvis\u00e9es et les cr\u00e9ations pluridisciplinaires.<\/p><p class=\"font_8\">Elle s&#8217;est form\u00e9e aupr\u00e8s de diff\u00e9rents professeurs de chant, puis au CRD de Blois et \u00e0 l&#8217; l&#8217;\u00e9cole Jazz \u00e0 Tours. Elle se professionnalise \u00e0 l&#8217;\u00e2ge de 21 ans et enseigne la technique vocale depuis 2009. Elle tourne plusieurs ann\u00e9es en France notamment avec le groupe de Gospel &#8216;Soul Voices&#8217;.<\/p><p class=\"font_8\">Elle fonde diff\u00e9rentes formations dont les groupes &#8216;A Kind Of Colour&#8217; puis &#8216;Zinnya&#8217; dans lequel elle est auteure compositrice et arrangeuse. En 2015, l&#8217;album &#8216;Spontan\u00e9it\u00e9&#8217; sera produit par &#8216;L&#8217;Autre Distribution&#8217; et b\u00e9n\u00e9ficiera d&#8217;une visibilit\u00e9 nationale.<\/p><p class=\"font_8\">Elle participe \u00e0 de nombreuses cr\u00e9ations, brisant les fronti\u00e8res entres les styles et les genres comme &#8216;Voix de Femmes&#8217; (projet m\u00ealant arabe, peul, wolof, russe et fran\u00e7ais) ou d&#8217;autres plus exp\u00e9rimentaux telle qu&#8217;une cr\u00e9ation autour de chants gr\u00e9goriens, arabes, du jazz et des musiques \u00e9lectroniques avec entre autre Cyril Parmentier et Nicolas Vicquenault.<\/p><p class=\"font_8\">Elle participe \u00e9galement \u00e0 des projets p\u00e9dagogiques tel que le &#8216;R\u00e9cr\u00e9 Jazz&#8217; : une initiation au monde et la musique Jazz propos\u00e9e lors de Festivals.<\/p><p class=\"font_8\">En 2017, elle \u00e9crit un titre pour l&#8217;album du pianiste Yacine Malek dans lequel il s&#8217;entoure de musiciens tels que Karim Ziad et Michel Alibo.<\/p><p class=\"font_8\">Elle propose pour la cl\u00f4ture du Festival de Jazz d&#8217;Orl\u00e9ans &#8211; avec le quintet &#8216;Mazij&#8217; compos\u00e9 de Baptiste Dubreuil, Nicolas Burgevin, Samuel Haubois et Thibaut Lurton &#8211; un hommage \u00e0 l&#8217;artiste Joni Mitchell dans une version &#8216;Jazz moderne&#8217;.<\/p><p class=\"font_8\">En 2019, avec le bassiste Julio Rak, elle accompagne l&#8217;artiste Charles Kely dans son projet Jazz et musiques malgaches (diffusion nationale) et participe au projet collectif &#8216;Douce France&#8217;, hommage \u00e0 Rachid Taha avec 15 autres artistes. Elle cr\u00e9e &#8216;Tanafas&#8217;, un nouveau r\u00e9pertoire \u00ab fusion ethnique \u00bb autour des musiques nord et ouest africaines lors du &#8216;Festival Jazz au Moulin&#8217; (45) avec les musiciens Adrien Chennebault, Reda Chami et Olivier Poulot. Enfin en 2020, elle monte le projet Ghani lahou, une cr\u00e9ation pluridisciplinaires autour du po\u00e8te Mahmoud Darwich<\/p>\t\t\t\t\t\t<\/div>\n\t\t\t\t<\/div>\n\t\t\t\t\t<\/div>\n\t\t<\/div>\n\t\t\t\t\t\t\t<\/div>\n\t\t<\/section>\n\t\t\t\t\t\t<\/div>\n\t\t\t\t\t<\/div>\n\t\t","protected":false},"excerpt":{"rendered":"<p>Georgia et Arthur d\u00e9butent leur collaboration artistique d\u00e9but 2020 lors de concerts dans les Cara\u00efbes, en compagnie du pianiste Denis Lamarre et du batteur Fred Nonnot. L&#8217;entente humaine et leurs sensibilit\u00e9s musicales les incitent \u00e0 monter un duo d\u00e8s leur retour en France. C&#8217;est ainsi que na\u00eet AGiA. Au sein de cette forme musicale \u00e9pur\u00e9e,&hellip; <a class=\"more-link\" href=\"http:\/\/agiaduo.com\/index.php\/elementor-7\/\">Continue reading <span class=\"screen-reader-text\">Bio<\/span><\/a><\/p>\n","protected":false},"author":1,"featured_media":0,"parent":0,"menu_order":0,"comment_status":"closed","ping_status":"closed","template":"","meta":{"om_disable_all_campaigns":false,"_monsterinsights_skip_tracking":false,"_monsterinsights_sitenote_active":false,"_monsterinsights_sitenote_note":"","_monsterinsights_sitenote_category":0},"_links":{"self":[{"href":"http:\/\/agiaduo.com\/index.php\/wp-json\/wp\/v2\/pages\/7"}],"collection":[{"href":"http:\/\/agiaduo.com\/index.php\/wp-json\/wp\/v2\/pages"}],"about":[{"href":"http:\/\/agiaduo.com\/index.php\/wp-json\/wp\/v2\/types\/page"}],"author":[{"embeddable":true,"href":"http:\/\/agiaduo.com\/index.php\/wp-json\/wp\/v2\/users\/1"}],"replies":[{"embeddable":true,"href":"http:\/\/agiaduo.com\/index.php\/wp-json\/wp\/v2\/comments?post=7"}],"version-history":[{"count":23,"href":"http:\/\/agiaduo.com\/index.php\/wp-json\/wp\/v2\/pages\/7\/revisions"}],"predecessor-version":[{"id":223,"href":"http:\/\/agiaduo.com\/index.php\/wp-json\/wp\/v2\/pages\/7\/revisions\/223"}],"wp:attachment":[{"href":"http:\/\/agiaduo.com\/index.php\/wp-json\/wp\/v2\/media?parent=7"}],"curies":[{"name":"wp","href":"https:\/\/api.w.org\/{rel}","templated":true}]}}